{"id":2277,"date":"2025-08-21T12:54:45","date_gmt":"2025-08-21T12:54:45","guid":{"rendered":"https:\/\/www.friederhartung.de\/?page_id=2277"},"modified":"2025-08-26T09:53:20","modified_gmt":"2025-08-26T09:53:20","slug":"impressum","status":"publish","type":"page","link":"https:\/\/www.friederhartung.de\/index.php\/impressum\/","title":{"rendered":"Impressum"},"content":{"rendered":"\t\t<div data-elementor-type=\"wp-page\" data-elementor-id=\"2277\" class=\"elementor elementor-2277\" data-elementor-post-type=\"page\">\n\t\t\t\t<div class=\"elementor-element elementor-element-ccb8c29 e-flex e-con-boxed e-con e-parent\" data-id=\"ccb8c29\" data-element_type=\"container\" data-e-type=\"container\">\n\t\t\t\t\t<div class=\"e-con-inner\">\n\t\t\t\t<div class=\"elementor-element elementor-element-ada697e elementor-widget elementor-widget-text-editor\" data-id=\"ada697e\" data-element_type=\"widget\" data-e-type=\"widget\" data-widget_type=\"text-editor.default\">\n\t\t\t\t<div class=\"elementor-widget-container\">\n\t\t\t\t\t\t\t\t\t<h4 data-start=\"312\" data-end=\"338\">Angaben gem\u00e4\u00df \u00a7 5 TMG<\/h4><p data-start=\"340\" data-end=\"392\"><strong data-start=\"340\" data-end=\"359\">Frieder Hartung<\/strong><\/p><p data-start=\"340\" data-end=\"392\">Albuchweg 6, <br \/>70188 Stuttgart<\/p><p data-start=\"394\" data-end=\"504\">Telefon: 0179 5486807<br data-start=\"427\" data-end=\"430\" \/>E-Mail: <strong data-start=\"438\" data-end=\"464\"><a class=\"decorated-link cursor-pointer\" rel=\"noopener\" data-start=\"440\" data-end=\"462\">mail@friederhartung.de<\/a><\/strong><br data-start=\"464\" data-end=\"467\" \/>Webseite: <strong data-start=\"477\" data-end=\"502\"><a class=\"decorated-link\" href=\"http:\/\/www.friederhartung.de\/\" target=\"_new\" rel=\"noopener\" data-start=\"479\" data-end=\"500\">www.friederhartung.de<\/a><\/strong><\/p><hr data-start=\"506\" data-end=\"509\" \/><h4 data-start=\"511\" data-end=\"567\">Verantwortlich f\u00fcr den Inhalt nach \u00a7 55 Abs. 2 RStV<\/h4><p data-start=\"568\" data-end=\"610\"><strong data-start=\"568\" data-end=\"587\">Frieder Hartung<\/strong><br data-start=\"587\" data-end=\"590\" \/>Stuttgart &#8211; Uhlandsh\u00f6he<\/p><hr data-start=\"612\" data-end=\"615\" \/><h4 data-start=\"617\" data-end=\"641\">Haftung f\u00fcr Inhalte<\/h4><p data-start=\"642\" data-end=\"1354\">Als Diensteanbieter sind wir gem\u00e4\u00df \u00a7 7 Abs.1 TMG f\u00fcr eigene Inhalte auf diesen Seiten nach den allgemeinen Gesetzen verantwortlich.<br data-start=\"773\" data-end=\"776\" \/>Nach \u00a7\u00a7 8 bis 10 TMG sind wir als Diensteanbieter jedoch nicht verpflichtet, \u00fcbermittelte oder gespeicherte fremde Informationen zu \u00fcberwachen oder nach Umst\u00e4nden zu forschen, die auf eine rechtswidrige T\u00e4tigkeit hinweisen.<br data-start=\"999\" data-end=\"1002\" \/>Verpflichtungen zur Entfernung oder Sperrung der Nutzung von Informationen nach den allgemeinen Gesetzen bleiben hiervon unber\u00fchrt. Eine diesbez\u00fcgliche Haftung ist jedoch erst ab dem Zeitpunkt der Kenntnis einer konkreten Rechtsverletzung m\u00f6glich.<br data-start=\"1249\" data-end=\"1252\" \/>Bei Bekanntwerden von entsprechenden Rechtsverletzungen werden wir diese Inhalte umgehend entfernen.<\/p><hr data-start=\"1356\" data-end=\"1359\" \/><h4 data-start=\"1361\" data-end=\"1383\">Haftung f\u00fcr Links<\/h4><p data-start=\"1384\" data-end=\"2086\">Unser Angebot enth\u00e4lt Links zu externen Webseiten Dritter, auf deren Inhalte wir keinen Einfluss haben.<br data-start=\"1487\" data-end=\"1490\" \/>Deshalb k\u00f6nnen wir f\u00fcr diese fremden Inhalte auch keine Gew\u00e4hr \u00fcbernehmen.<br data-start=\"1564\" data-end=\"1567\" \/>F\u00fcr die Inhalte der verlinkten Seiten ist stets der jeweilige Anbieter oder Betreiber der Seiten verantwortlich.<br data-start=\"1679\" data-end=\"1682\" \/>Die verlinkten Seiten wurden zum Zeitpunkt der Verlinkung auf m\u00f6gliche Rechtsverst\u00f6\u00dfe \u00fcberpr\u00fcft.<br data-start=\"1778\" data-end=\"1781\" \/>Rechtswidrige Inhalte waren zum Zeitpunkt der Verlinkung nicht erkennbar.<br data-start=\"1854\" data-end=\"1857\" \/>Eine permanente inhaltliche Kontrolle der verlinkten Seiten ist jedoch ohne konkrete Anhaltspunkte einer Rechtsverletzung nicht zumutbar.<br data-start=\"1994\" data-end=\"1997\" \/>Bei Bekanntwerden von Rechtsverletzungen werden wir derartige Links umgehend entfernen.<\/p><hr data-start=\"2088\" data-end=\"2091\" \/><h4 data-start=\"2093\" data-end=\"2110\">Urheberrecht<\/h4><p data-start=\"2111\" data-end=\"2921\">Die durch die Seitenbetreiber erstellten Inhalte und Werke auf diesen Seiten unterliegen dem deutschen Urheberrecht.<br data-start=\"2227\" data-end=\"2230\" \/>Die Vervielf\u00e4ltigung, Bearbeitung, Verbreitung und jede Art der Verwertung au\u00dferhalb der Grenzen des Urheberrechtes bed\u00fcrfen der schriftlichen Zustimmung des jeweiligen Autors bzw. Erstellers.<br data-start=\"2422\" data-end=\"2425\" \/>Downloads und Kopien dieser Seite sind nur f\u00fcr den privaten, nicht kommerziellen Gebrauch gestattet.<br data-start=\"2525\" data-end=\"2528\" \/>Soweit die Inhalte auf dieser Seite nicht vom Betreiber erstellt wurden, werden die Urheberrechte Dritter beachtet.<br data-start=\"2643\" data-end=\"2646\" \/>Insbesondere werden Inhalte Dritter als solche gekennzeichnet.<br data-start=\"2708\" data-end=\"2711\" \/>Sollten Sie trotzdem auf eine Urheberrechtsverletzung aufmerksam werden, bitten wir um einen entsprechenden Hinweis.<br data-start=\"2827\" data-end=\"2830\" \/>Bei Bekanntwerden von Rechtsverletzungen werden wir derartige Inhalte umgehend entfernen.<\/p><hr data-start=\"2923\" data-end=\"2926\" \/><h4 data-start=\"2928\" data-end=\"2953\">EU-Streitschlichtung<\/h4><p data-start=\"2954\" data-end=\"3119\">Die Europ\u00e4ische Kommission stellt eine Plattform zur Online-Streitbeilegung (OS) bereit:<br data-start=\"3042\" data-end=\"3045\" \/><a class=\"decorated-link cursor-pointer\" target=\"_new\" rel=\"noopener\" data-start=\"3045\" data-end=\"3117\">https:\/\/ec.europa.eu\/consumers\/odr<\/a><\/p><p data-start=\"3121\" data-end=\"3174\">Unsere E-Mail-Adresse finden Sie oben im Impressum.<\/p><hr data-start=\"3176\" data-end=\"3179\" \/><h4 data-start=\"3181\" data-end=\"3242\">Verbraucherstreitbeilegung \/ Universalschlichtungsstelle<\/h4><p data-start=\"3243\" data-end=\"3368\">Wir sind nicht bereit oder verpflichtet, an Streitbeilegungsverfahren vor einer Verbraucherschlichtungsstelle teilzunehmen.<\/p>\t\t\t\t\t\t\t\t<\/div>\n\t\t\t\t<\/div>\n\t\t\t\t\t<\/div>\n\t\t\t\t<\/div>\n\t\t\t\t<\/div>\n\t\t","protected":false},"excerpt":{"rendered":"<p>Angaben gem\u00e4\u00df \u00a7 5 TMG Frieder Hartung Albuchweg 6, 70188 Stuttgart Telefon: 0179 5486807E-Mail: mail@friederhartung.deWebseite: www.friederhartung.de Verantwortlich f\u00fcr den Inhalt nach \u00a7 55 Abs. 2 RStV Frieder HartungStuttgart &#8211; Uhlandsh\u00f6he Haftung f\u00fcr Inhalte Als Diensteanbieter sind wir gem\u00e4\u00df \u00a7 7 Abs.1 TMG f\u00fcr eigene Inhalte auf diesen Seiten nach den allgemeinen Gesetzen verantwortlich.Nach \u00a7\u00a7 8 [&hellip;]<\/p>\n","protected":false},"author":1,"featured_media":0,"parent":0,"menu_order":0,"comment_status":"closed","ping_status":"closed","template":"","meta":{"footnotes":""},"class_list":["post-2277","page","type-page","status-publish","hentry"],"yoast_head":"<!-- This site is optimized with the Yoast SEO plugin v27.4 - https:\/\/yoast.com\/product\/yoast-seo-wordpress\/ -->\n<title>Impressum - Frieder Hartung - Stadt.Planung.Partizipation. Gemeinsam mehr erreichen<\/title>\n<meta name=\"robots\" content=\"index, follow, max-snippet:-1, max-image-preview:large, max-video-preview:-1\" \/>\n<link rel=\"canonical\" href=\"https:\/\/www.friederhartung.de\/index.php\/impressum\/\" \/>\n<meta property=\"og:locale\" content=\"de_DE\" \/>\n<meta property=\"og:type\" content=\"article\" \/>\n<meta property=\"og:title\" content=\"Impressum - Frieder Hartung - Stadt.Planung.Partizipation. Gemeinsam mehr erreichen\" \/>\n<meta property=\"og:description\" content=\"Angaben gem\u00e4\u00df \u00a7 5 TMG Frieder Hartung Albuchweg 6, 70188 Stuttgart Telefon: 0179 5486807E-Mail: mail@friederhartung.deWebseite: www.friederhartung.de Verantwortlich f\u00fcr den Inhalt nach \u00a7 55 Abs. 2 RStV Frieder HartungStuttgart &#8211; Uhlandsh\u00f6he Haftung f\u00fcr Inhalte Als Diensteanbieter sind wir gem\u00e4\u00df \u00a7 7 Abs.1 TMG f\u00fcr eigene Inhalte auf diesen Seiten nach den allgemeinen Gesetzen verantwortlich.Nach \u00a7\u00a7 8 [&hellip;]\" \/>\n<meta property=\"og:url\" content=\"https:\/\/www.friederhartung.de\/index.php\/impressum\/\" \/>\n<meta property=\"og:site_name\" content=\"Frieder Hartung - Stadt.Planung.Partizipation. Gemeinsam mehr erreichen\" \/>\n<meta property=\"article:modified_time\" content=\"2025-08-26T09:53:20+00:00\" \/>\n<meta name=\"twitter:card\" content=\"summary_large_image\" \/>\n<meta name=\"twitter:label1\" content=\"Gesch\u00e4tzte Lesezeit\" \/>\n\t<meta name=\"twitter:data1\" content=\"2\u00a0Minuten\" \/>\n<script type=\"application\/ld+json\" class=\"yoast-schema-graph\">{\"@context\":\"https:\\\/\\\/schema.org\",\"@graph\":[{\"@type\":\"WebPage\",\"@id\":\"https:\\\/\\\/www.friederhartung.de\\\/index.php\\\/impressum\\\/\",\"url\":\"https:\\\/\\\/www.friederhartung.de\\\/index.php\\\/impressum\\\/\",\"name\":\"Impressum - Frieder Hartung - Stadt.Planung.Partizipation. Gemeinsam mehr erreichen\",\"isPartOf\":{\"@id\":\"https:\\\/\\\/www.friederhartung.de\\\/#website\"},\"datePublished\":\"2025-08-21T12:54:45+00:00\",\"dateModified\":\"2025-08-26T09:53:20+00:00\",\"breadcrumb\":{\"@id\":\"https:\\\/\\\/www.friederhartung.de\\\/index.php\\\/impressum\\\/#breadcrumb\"},\"inLanguage\":\"de\",\"potentialAction\":[{\"@type\":\"ReadAction\",\"target\":[\"https:\\\/\\\/www.friederhartung.de\\\/index.php\\\/impressum\\\/\"]}]},{\"@type\":\"BreadcrumbList\",\"@id\":\"https:\\\/\\\/www.friederhartung.de\\\/index.php\\\/impressum\\\/#breadcrumb\",\"itemListElement\":[{\"@type\":\"ListItem\",\"position\":1,\"name\":\"Startseite\",\"item\":\"https:\\\/\\\/www.friederhartung.de\\\/\"},{\"@type\":\"ListItem\",\"position\":2,\"name\":\"Impressum\"}]},{\"@type\":\"WebSite\",\"@id\":\"https:\\\/\\\/www.friederhartung.de\\\/#website\",\"url\":\"https:\\\/\\\/www.friederhartung.de\\\/\",\"name\":\"Frieder Hartung - Stadt.Planung.Partizipation. Gemeinsam mehr erreichen\",\"description\":\"Mehr als 20 Jahre Erfahrung in Stadtentwicklung, Beteiligungsprozessen und Moderation. Frieder Hartung begleitet Kommunen, Institutionen und Initiativen auf dem Weg zu zukunftsf\u00e4higen, lebendigen Quartieren.\",\"potentialAction\":[{\"@type\":\"SearchAction\",\"target\":{\"@type\":\"EntryPoint\",\"urlTemplate\":\"https:\\\/\\\/www.friederhartung.de\\\/?s={search_term_string}\"},\"query-input\":{\"@type\":\"PropertyValueSpecification\",\"valueRequired\":true,\"valueName\":\"search_term_string\"}}],\"inLanguage\":\"de\"}]}<\/script>\n<!-- \/ Yoast SEO plugin. -->","yoast_head_json":{"title":"Impressum - Frieder Hartung - Stadt.Planung.Partizipation. Gemeinsam mehr erreichen","robots":{"index":"index","follow":"follow","max-snippet":"max-snippet:-1","max-image-preview":"max-image-preview:large","max-video-preview":"max-video-preview:-1"},"canonical":"https:\/\/www.friederhartung.de\/index.php\/impressum\/","og_locale":"de_DE","og_type":"article","og_title":"Impressum - Frieder Hartung - Stadt.Planung.Partizipation. Gemeinsam mehr erreichen","og_description":"Angaben gem\u00e4\u00df \u00a7 5 TMG Frieder Hartung Albuchweg 6, 70188 Stuttgart Telefon: 0179 5486807E-Mail: mail@friederhartung.deWebseite: www.friederhartung.de Verantwortlich f\u00fcr den Inhalt nach \u00a7 55 Abs. 2 RStV Frieder HartungStuttgart &#8211; Uhlandsh\u00f6he Haftung f\u00fcr Inhalte Als Diensteanbieter sind wir gem\u00e4\u00df \u00a7 7 Abs.1 TMG f\u00fcr eigene Inhalte auf diesen Seiten nach den allgemeinen Gesetzen verantwortlich.Nach \u00a7\u00a7 8 [&hellip;]","og_url":"https:\/\/www.friederhartung.de\/index.php\/impressum\/","og_site_name":"Frieder Hartung - Stadt.Planung.Partizipation. Gemeinsam mehr erreichen","article_modified_time":"2025-08-26T09:53:20+00:00","twitter_card":"summary_large_image","twitter_misc":{"Gesch\u00e4tzte Lesezeit":"2\u00a0Minuten"},"schema":{"@context":"https:\/\/schema.org","@graph":[{"@type":"WebPage","@id":"https:\/\/www.friederhartung.de\/index.php\/impressum\/","url":"https:\/\/www.friederhartung.de\/index.php\/impressum\/","name":"Impressum - Frieder Hartung - Stadt.Planung.Partizipation. Gemeinsam mehr erreichen","isPartOf":{"@id":"https:\/\/www.friederhartung.de\/#website"},"datePublished":"2025-08-21T12:54:45+00:00","dateModified":"2025-08-26T09:53:20+00:00","breadcrumb":{"@id":"https:\/\/www.friederhartung.de\/index.php\/impressum\/#breadcrumb"},"inLanguage":"de","potentialAction":[{"@type":"ReadAction","target":["https:\/\/www.friederhartung.de\/index.php\/impressum\/"]}]},{"@type":"BreadcrumbList","@id":"https:\/\/www.friederhartung.de\/index.php\/impressum\/#breadcrumb","itemListElement":[{"@type":"ListItem","position":1,"name":"Startseite","item":"https:\/\/www.friederhartung.de\/"},{"@type":"ListItem","position":2,"name":"Impressum"}]},{"@type":"WebSite","@id":"https:\/\/www.friederhartung.de\/#website","url":"https:\/\/www.friederhartung.de\/","name":"Frieder Hartung - Stadt.Planung.Partizipation. Gemeinsam mehr erreichen","description":"Mehr als 20 Jahre Erfahrung in Stadtentwicklung, Beteiligungsprozessen und Moderation. Frieder Hartung begleitet Kommunen, Institutionen und Initiativen auf dem Weg zu zukunftsf\u00e4higen, lebendigen Quartieren.","potentialAction":[{"@type":"SearchAction","target":{"@type":"EntryPoint","urlTemplate":"https:\/\/www.friederhartung.de\/?s={search_term_string}"},"query-input":{"@type":"PropertyValueSpecification","valueRequired":true,"valueName":"search_term_string"}}],"inLanguage":"de"}]}},"_links":{"self":[{"href":"https:\/\/www.friederhartung.de\/index.php\/wp-json\/wp\/v2\/pages\/2277","targetHints":{"allow":["GET"]}}],"collection":[{"href":"https:\/\/www.friederhartung.de\/index.php\/wp-json\/wp\/v2\/pages"}],"about":[{"href":"https:\/\/www.friederhartung.de\/index.php\/wp-json\/wp\/v2\/types\/page"}],"author":[{"embeddable":true,"href":"https:\/\/www.friederhartung.de\/index.php\/wp-json\/wp\/v2\/users\/1"}],"replies":[{"embeddable":true,"href":"https:\/\/www.friederhartung.de\/index.php\/wp-json\/wp\/v2\/comments?post=2277"}],"version-history":[{"count":13,"href":"https:\/\/www.friederhartung.de\/index.php\/wp-json\/wp\/v2\/pages\/2277\/revisions"}],"predecessor-version":[{"id":2443,"href":"https:\/\/www.friederhartung.de\/index.php\/wp-json\/wp\/v2\/pages\/2277\/revisions\/2443"}],"wp:attachment":[{"href":"https:\/\/www.friederhartung.de\/index.php\/wp-json\/wp\/v2\/media?parent=2277"}],"curies":[{"name":"wp","href":"https:\/\/api.w.org\/{rel}","templated":true}]}}