{"id":2269,"date":"2025-08-21T12:49:37","date_gmt":"2025-08-21T12:49:37","guid":{"rendered":"https:\/\/www.friederhartung.de\/?page_id=2269"},"modified":"2025-08-21T12:54:15","modified_gmt":"2025-08-21T12:54:15","slug":"datenschutz","status":"publish","type":"page","link":"https:\/\/www.friederhartung.de\/index.php\/datenschutz\/","title":{"rendered":"Datenschutz"},"content":{"rendered":"\t\t<div data-elementor-type=\"wp-page\" data-elementor-id=\"2269\" class=\"elementor elementor-2269\" data-elementor-post-type=\"page\">\n\t\t\t\t<div class=\"elementor-element elementor-element-ca9bbb9 e-flex e-con-boxed e-con e-parent\" data-id=\"ca9bbb9\" data-element_type=\"container\" data-e-type=\"container\">\n\t\t\t\t\t<div class=\"e-con-inner\">\n\t\t\t\t<div class=\"elementor-element elementor-element-32d5ab8 elementor-widget elementor-widget-text-editor\" data-id=\"32d5ab8\" data-element_type=\"widget\" data-e-type=\"widget\" data-widget_type=\"text-editor.default\">\n\t\t\t\t<div class=\"elementor-widget-container\">\n\t\t\t\t\t\t\t\t\t<h4 data-start=\"198\" data-end=\"222\">1. Verantwortlicher<\/h4><p data-start=\"223\" data-end=\"289\">Verantwortlich f\u00fcr die Datenverarbeitung auf dieser Website ist:<\/p><p data-start=\"291\" data-end=\"387\"><strong data-start=\"291\" data-end=\"310\">Frieder Hartung<\/strong><br data-start=\"310\" data-end=\"313\" \/>E-Mail: <strong data-start=\"321\" data-end=\"347\"><a class=\"decorated-link cursor-pointer\" rel=\"noopener\" data-start=\"323\" data-end=\"345\">mail@friederhartung.de<\/a><\/strong><br data-start=\"347\" data-end=\"350\" \/>Webseite: <strong data-start=\"360\" data-end=\"385\"><a class=\"decorated-link\" href=\"http:\/\/www.friederhartung.de\/\" target=\"_new\" rel=\"noopener\" data-start=\"362\" data-end=\"383\">www.friederhartung.de<\/a><\/strong><\/p><hr data-start=\"389\" data-end=\"392\" \/><h4 data-start=\"394\" data-end=\"435\">2. Allgemeines zur Datenverarbeitung<\/h4><p data-start=\"436\" data-end=\"752\">Wir verarbeiten personenbezogene Daten unserer Nutzer nur, soweit dies zur Bereitstellung einer funktionsf\u00e4higen Website sowie unserer Inhalte und Leistungen erforderlich ist.<br data-start=\"611\" data-end=\"614\" \/>Die Verarbeitung erfolgt regelm\u00e4\u00dfig nur nach Einwilligung der Nutzer oder wenn eine gesetzliche Grundlage besteht (Art. 6 Abs. 1 DSGVO).<\/p><hr data-start=\"754\" data-end=\"757\" \/><h4 data-start=\"759\" data-end=\"794\">3. Zugriffsdaten (Server-Logs)<\/h4><p data-start=\"795\" data-end=\"968\">Beim Aufruf unserer Website erhebt und speichert der Provider automatisch Informationen in sogenannten Server-Logfiles, die Ihr Browser automatisch \u00fcbermittelt. Dies sind:<\/p><ul data-start=\"970\" data-end=\"1135\"><li data-start=\"970\" data-end=\"1003\"><p data-start=\"972\" data-end=\"1003\">Browsertyp und Browserversion<\/p><\/li><li data-start=\"1004\" data-end=\"1034\"><p data-start=\"1006\" data-end=\"1034\">verwendetes Betriebssystem<\/p><\/li><li data-start=\"1035\" data-end=\"1051\"><p data-start=\"1037\" data-end=\"1051\">Referrer-URL<\/p><\/li><li data-start=\"1052\" data-end=\"1090\"><p data-start=\"1054\" data-end=\"1090\">Hostname des zugreifenden Rechners<\/p><\/li><li data-start=\"1091\" data-end=\"1120\"><p data-start=\"1093\" data-end=\"1120\">Uhrzeit der Serveranfrage<\/p><\/li><li data-start=\"1121\" data-end=\"1135\"><p data-start=\"1123\" data-end=\"1135\">IP-Adresse<\/p><\/li><\/ul><p data-start=\"1137\" data-end=\"1392\">Diese Daten sind nicht bestimmten Personen zuordenbar. Eine Zusammenf\u00fchrung dieser Daten mit anderen Datenquellen erfolgt nicht.<br data-start=\"1265\" data-end=\"1268\" \/>Die Speicherung erfolgt zur Gew\u00e4hrleistung der Funktionsf\u00e4higkeit und Sicherheit der Website (Art. 6 Abs. 1 lit. f DSGVO).<\/p><hr data-start=\"1394\" data-end=\"1397\" \/><h4 data-start=\"1399\" data-end=\"1414\">4. Cookies<\/h4><p data-start=\"1415\" data-end=\"1526\">Unsere Website verwendet Cookies. Cookies sind kleine Textdateien, die auf Ihrem Endger\u00e4t gespeichert werden.<\/p><ul data-start=\"1528\" data-end=\"1683\"><li data-start=\"1528\" data-end=\"1604\"><p data-start=\"1530\" data-end=\"1604\"><strong data-start=\"1530\" data-end=\"1562\">Technisch notwendige Cookies<\/strong>: dienen der Funktionalit\u00e4t der Website.<\/p><\/li><li data-start=\"1605\" data-end=\"1683\"><p data-start=\"1607\" data-end=\"1683\"><strong data-start=\"1607\" data-end=\"1636\">Analyse-\/Tracking-Cookies<\/strong>: werden nur nach Ihrer Einwilligung gesetzt.<\/p><\/li><\/ul><p data-start=\"1685\" data-end=\"1776\">Sie k\u00f6nnen Cookies jederzeit in den Einstellungen Ihres Browsers l\u00f6schen oder blockieren.<\/p><hr data-start=\"1778\" data-end=\"1781\" \/><h4 data-start=\"1783\" data-end=\"1825\">5. Kontaktformular und E-Mail-Kontakt<\/h4><p data-start=\"1826\" data-end=\"2046\">Wenn Sie uns per Kontaktformular oder E-Mail Anfragen zukommen lassen, werden Ihre Angaben inklusive der angegebenen Kontaktdaten zwecks Bearbeitung der Anfrage und f\u00fcr den Fall von Anschlussfragen bei uns gespeichert.<\/p><p data-start=\"2048\" data-end=\"2070\"><strong data-start=\"2048\" data-end=\"2068\">Rechtsgrundlage:<\/strong><\/p><ul data-start=\"2071\" data-end=\"2247\"><li data-start=\"2071\" data-end=\"2152\"><p data-start=\"2073\" data-end=\"2152\">Art. 6 Abs. 1 lit. b DSGVO (Vertragserf\u00fcllung oder vorvertragliche Ma\u00dfnahmen)<\/p><\/li><li data-start=\"2153\" data-end=\"2247\"><p data-start=\"2155\" data-end=\"2247\">Art. 6 Abs. 1 lit. f DSGVO (berechtigtes Interesse an effektiver Bearbeitung von Anfragen)<\/p><\/li><\/ul><p data-start=\"2249\" data-end=\"2314\">Eine Weitergabe der Daten erfolgt nicht ohne Ihre Einwilligung.<\/p><hr data-start=\"2316\" data-end=\"2319\" \/><h4 data-start=\"2321\" data-end=\"2336\">6. Hosting<\/h4><p data-start=\"2337\" data-end=\"2512\">Unsere Website wird bei einem externen Anbieter gehostet. Die personenbezogenen Daten, die auf dieser Website erfasst werden, werden auf den Servern des Hosters gespeichert.<\/p><p data-start=\"2514\" data-end=\"2661\">Der Einsatz des Hosters erfolgt zum Zwecke einer sicheren, schnellen und effizienten Bereitstellung unserer Website (Art. 6 Abs. 1 lit. f DSGVO).<\/p><hr data-start=\"2663\" data-end=\"2666\" \/><h4 data-start=\"2668\" data-end=\"2717\">7. Einbindung von Diensten und Tools Dritter<\/h4><h5 data-start=\"2719\" data-end=\"2741\">7a. Google Fonts<\/h5><p data-start=\"2742\" data-end=\"2949\">Unsere Website verwendet zur einheitlichen Darstellung von Schriftarten sogenannte <strong data-start=\"2825\" data-end=\"2841\">Google Fonts<\/strong>, die von <strong data-start=\"2851\" data-end=\"2924\">Google Ireland Limited, Gordon House, Barrow Street, Dublin 4, Irland<\/strong> bereitgestellt werden.<\/p><p data-start=\"2951\" data-end=\"3284\">Beim Aufruf unserer Website l\u00e4dt Ihr Browser die ben\u00f6tigten Fonts in Ihren Browsercache, um Texte und Schriftarten korrekt anzuzeigen. Dabei wird Ihre IP-Adresse an Google \u00fcbertragen.<br data-start=\"3134\" data-end=\"3137\" \/>Rechtsgrundlage ist <strong data-start=\"3157\" data-end=\"3187\">Art. 6 Abs. 1 lit. f DSGVO<\/strong> (berechtigtes Interesse an einer einheitlichen und ansprechenden Darstellung unserer Website).<\/p><p data-start=\"3286\" data-end=\"3310\">Weitere Informationen:<\/p><ul data-start=\"3311\" data-end=\"3526\"><li data-start=\"3311\" data-end=\"3418\"><p data-start=\"3313\" data-end=\"3418\">Datenschutzerkl\u00e4rung Google: <a class=\"decorated-link cursor-pointer\" target=\"_new\" rel=\"noopener\" data-start=\"3342\" data-end=\"3416\">https:\/\/policies.google.com\/privacy<\/a><\/p><\/li><li data-start=\"3419\" data-end=\"3526\"><p data-start=\"3421\" data-end=\"3526\">FAQ zu Google Fonts: <a class=\"decorated-link cursor-pointer\" target=\"_new\" rel=\"noopener\" data-start=\"3442\" data-end=\"3524\">https:\/\/developers.google.com\/fonts\/faq<\/a><\/p><\/li><\/ul><hr data-start=\"3528\" data-end=\"3531\" \/><h5 data-start=\"3533\" data-end=\"3554\">7b. Google Maps<\/h5><p data-start=\"3555\" data-end=\"3713\">Unsere Website nutzt den Kartendienst <strong data-start=\"3593\" data-end=\"3608\">Google Maps<\/strong> \u00fcber eine API. Anbieter ist <strong data-start=\"3637\" data-end=\"3710\">Google Ireland Limited, Gordon House, Barrow Street, Dublin 4, Irland<\/strong>.<\/p><p data-start=\"3715\" data-end=\"3972\">Zur Nutzung der Funktionen von Google Maps ist es notwendig, Ihre IP-Adresse zu speichern. Diese Informationen werden in der Regel an einen Server von Google in die USA \u00fcbertragen und dort gespeichert. Auf diese Daten\u00fcbertragung haben wir keinen Einfluss.<\/p><p data-start=\"3974\" data-end=\"4189\">Die Nutzung von Google Maps erfolgt im Interesse einer ansprechenden Darstellung unserer Online-Angebote und einer leichten Auffindbarkeit der von uns auf der Website angegebenen Orte (Art. 6 Abs. 1 lit. f DSGVO).<\/p><p data-start=\"4191\" data-end=\"4433\">Wenn Sie nicht m\u00f6chten, dass Google \u00fcber unsere Website Daten erhebt, verarbeitet oder nutzt, k\u00f6nnen Sie in den Einstellungen Ihres Browsers JavaScript deaktivieren. Bitte beachten Sie jedoch, dass die Kartenfunktion dann nicht nutzbar ist.<\/p><p data-start=\"4435\" data-end=\"4459\">Weitere Informationen:<\/p><ul data-start=\"4460\" data-end=\"4717\"><li data-start=\"4460\" data-end=\"4567\"><p data-start=\"4462\" data-end=\"4567\">Datenschutzerkl\u00e4rung Google: <a class=\"decorated-link cursor-pointer\" target=\"_new\" rel=\"noopener\" data-start=\"4491\" data-end=\"4565\">https:\/\/policies.google.com\/privacy<\/a><\/p><\/li><li data-start=\"4568\" data-end=\"4717\"><p data-start=\"4570\" data-end=\"4717\">Nutzungsbedingungen Google Maps: <a class=\"decorated-link cursor-pointer\" target=\"_new\" rel=\"noopener\" data-start=\"4603\" data-end=\"4715\">https:\/\/www.google.com\/intl\/de_de\/help\/terms_maps.html<\/a><\/p><\/li><\/ul><hr data-start=\"4719\" data-end=\"4722\" \/><h4 data-start=\"4724\" data-end=\"4745\">8. Speicherdauer<\/h4><p data-start=\"4746\" data-end=\"4948\">Wir speichern personenbezogene Daten nur so lange, wie es f\u00fcr die jeweiligen Zwecke erforderlich ist oder gesetzliche Aufbewahrungsfristen dies vorsehen. Danach werden die Daten routinem\u00e4\u00dfig gel\u00f6scht.<\/p><hr data-start=\"4950\" data-end=\"4953\" \/><h4 data-start=\"4955\" data-end=\"4994\">9. Rechte der betroffenen Personen<\/h4><p data-start=\"4995\" data-end=\"5017\">Sie haben das Recht:<\/p><ul data-start=\"5019\" data-end=\"5329\"><li data-start=\"5019\" data-end=\"5090\"><p data-start=\"5021\" data-end=\"5090\">Auskunft \u00fcber Ihre gespeicherten Daten zu verlangen (Art. 15 DSGVO)<\/p><\/li><li data-start=\"5091\" data-end=\"5141\"><p data-start=\"5093\" data-end=\"5141\">Berichtigung unrichtiger Daten (Art. 16 DSGVO)<\/p><\/li><li data-start=\"5142\" data-end=\"5182\"><p data-start=\"5144\" data-end=\"5182\">L\u00f6schung Ihrer Daten (Art. 17 DSGVO)<\/p><\/li><li data-start=\"5183\" data-end=\"5233\"><p data-start=\"5185\" data-end=\"5233\">Einschr\u00e4nkung der Verarbeitung (Art. 18 DSGVO)<\/p><\/li><li data-start=\"5234\" data-end=\"5288\"><p data-start=\"5236\" data-end=\"5288\">Widerspruch gegen die Verarbeitung (Art. 21 DSGVO)<\/p><\/li><li data-start=\"5289\" data-end=\"5329\"><p data-start=\"5291\" data-end=\"5329\">Daten\u00fcbertragbarkeit (Art. 20 DSGVO)<\/p><\/li><\/ul><p data-start=\"5331\" data-end=\"5421\">Zur Aus\u00fcbung Ihrer Rechte gen\u00fcgt eine formlose Mitteilung an <strong data-start=\"5392\" data-end=\"5418\"><a class=\"decorated-link cursor-pointer\" rel=\"noopener\" data-start=\"5394\" data-end=\"5416\">mail@friederhartung.de<\/a><\/strong>.<\/p><hr data-start=\"5423\" data-end=\"5426\" \/><h4 data-start=\"5428\" data-end=\"5451\">10. Widerrufsrecht<\/h4><p data-start=\"5452\" data-end=\"5589\">Eine einmal erteilte Einwilligung zur Verarbeitung personenbezogener Daten k\u00f6nnen Sie jederzeit mit Wirkung f\u00fcr die Zukunft widerrufen.<\/p><hr data-start=\"5591\" data-end=\"5594\" \/><h4 data-start=\"5596\" data-end=\"5620\">11. Beschwerderecht<\/h4><p data-start=\"5621\" data-end=\"5784\">Betroffene haben das Recht, sich bei einer Aufsichtsbeh\u00f6rde zu beschweren, wenn sie der Ansicht sind, dass die Verarbeitung ihrer Daten gegen die DSGVO verst\u00f6\u00dft.<\/p><p data-start=\"5786\" data-end=\"5988\">Zust\u00e4ndige Beh\u00f6rde:<br data-start=\"5805\" data-end=\"5808\" \/><strong data-start=\"5808\" data-end=\"5883\">Landesbeauftragte f\u00fcr den Datenschutz Niedersachsen (LfD Niedersachsen)<\/strong><br data-start=\"5883\" data-end=\"5886\" \/>Prinzenstra\u00dfe 5<br data-start=\"5901\" data-end=\"5904\" \/>30159 Hannover<br data-start=\"5918\" data-end=\"5921\" \/>Web: <a class=\"decorated-link cursor-pointer\" target=\"_new\" rel=\"noopener\" data-start=\"5926\" data-end=\"5986\">https:\/\/lfd.niedersachsen.de<\/a><\/p><hr data-start=\"5990\" data-end=\"5993\" \/><h4 data-start=\"5995\" data-end=\"6042\">12. \u00c4nderungen dieser Datenschutzerkl\u00e4rung<\/h4><p data-start=\"6043\" data-end=\"6215\">Wir behalten uns vor, diese Datenschutzerkl\u00e4rung k\u00fcnftig anzupassen, um sie an ge\u00e4nderte Rechtslagen oder bei \u00c4nderungen der Dienste auf unserer Website zu aktualisieren.<\/p>\t\t\t\t\t\t\t\t<\/div>\n\t\t\t\t<\/div>\n\t\t\t\t\t<\/div>\n\t\t\t\t<\/div>\n\t\t\t\t<\/div>\n\t\t","protected":false},"excerpt":{"rendered":"<p>1. Verantwortlicher Verantwortlich f\u00fcr die Datenverarbeitung auf dieser Website ist: Frieder HartungE-Mail: mail@friederhartung.deWebseite: www.friederhartung.de 2. Allgemeines zur Datenverarbeitung Wir verarbeiten personenbezogene Daten unserer Nutzer nur, soweit dies zur Bereitstellung einer funktionsf\u00e4higen Website sowie unserer Inhalte und Leistungen erforderlich ist.Die Verarbeitung erfolgt regelm\u00e4\u00dfig nur nach Einwilligung der Nutzer oder wenn eine gesetzliche Grundlage besteht (Art. 6 [&hellip;]<\/p>\n","protected":false},"author":1,"featured_media":0,"parent":0,"menu_order":0,"comment_status":"closed","ping_status":"closed","template":"","meta":{"footnotes":""},"class_list":["post-2269","page","type-page","status-publish","hentry"],"yoast_head":"<!-- This site is optimized with the Yoast SEO plugin v27.4 - https:\/\/yoast.com\/product\/yoast-seo-wordpress\/ -->\n<title>Datenschutz - Frieder Hartung - Stadt.Planung.Partizipation. Gemeinsam mehr erreichen<\/title>\n<meta name=\"robots\" content=\"index, follow, max-snippet:-1, max-image-preview:large, max-video-preview:-1\" \/>\n<link rel=\"canonical\" href=\"https:\/\/www.friederhartung.de\/index.php\/datenschutz\/\" \/>\n<meta property=\"og:locale\" content=\"de_DE\" \/>\n<meta property=\"og:type\" content=\"article\" \/>\n<meta property=\"og:title\" content=\"Datenschutz - Frieder Hartung - Stadt.Planung.Partizipation. Gemeinsam mehr erreichen\" \/>\n<meta property=\"og:description\" content=\"1. Verantwortlicher Verantwortlich f\u00fcr die Datenverarbeitung auf dieser Website ist: Frieder HartungE-Mail: mail@friederhartung.deWebseite: www.friederhartung.de 2. Allgemeines zur Datenverarbeitung Wir verarbeiten personenbezogene Daten unserer Nutzer nur, soweit dies zur Bereitstellung einer funktionsf\u00e4higen Website sowie unserer Inhalte und Leistungen erforderlich ist.Die Verarbeitung erfolgt regelm\u00e4\u00dfig nur nach Einwilligung der Nutzer oder wenn eine gesetzliche Grundlage besteht (Art. 6 [&hellip;]\" \/>\n<meta property=\"og:url\" content=\"https:\/\/www.friederhartung.de\/index.php\/datenschutz\/\" \/>\n<meta property=\"og:site_name\" content=\"Frieder Hartung - Stadt.Planung.Partizipation. Gemeinsam mehr erreichen\" \/>\n<meta property=\"article:modified_time\" content=\"2025-08-21T12:54:15+00:00\" \/>\n<meta name=\"twitter:card\" content=\"summary_large_image\" \/>\n<meta name=\"twitter:label1\" content=\"Gesch\u00e4tzte Lesezeit\" \/>\n\t<meta name=\"twitter:data1\" content=\"4\u00a0Minuten\" \/>\n<script type=\"application\/ld+json\" class=\"yoast-schema-graph\">{\"@context\":\"https:\\\/\\\/schema.org\",\"@graph\":[{\"@type\":\"WebPage\",\"@id\":\"https:\\\/\\\/www.friederhartung.de\\\/index.php\\\/datenschutz\\\/\",\"url\":\"https:\\\/\\\/www.friederhartung.de\\\/index.php\\\/datenschutz\\\/\",\"name\":\"Datenschutz - Frieder Hartung - Stadt.Planung.Partizipation. Gemeinsam mehr erreichen\",\"isPartOf\":{\"@id\":\"https:\\\/\\\/www.friederhartung.de\\\/#website\"},\"datePublished\":\"2025-08-21T12:49:37+00:00\",\"dateModified\":\"2025-08-21T12:54:15+00:00\",\"breadcrumb\":{\"@id\":\"https:\\\/\\\/www.friederhartung.de\\\/index.php\\\/datenschutz\\\/#breadcrumb\"},\"inLanguage\":\"de\",\"potentialAction\":[{\"@type\":\"ReadAction\",\"target\":[\"https:\\\/\\\/www.friederhartung.de\\\/index.php\\\/datenschutz\\\/\"]}]},{\"@type\":\"BreadcrumbList\",\"@id\":\"https:\\\/\\\/www.friederhartung.de\\\/index.php\\\/datenschutz\\\/#breadcrumb\",\"itemListElement\":[{\"@type\":\"ListItem\",\"position\":1,\"name\":\"Startseite\",\"item\":\"https:\\\/\\\/www.friederhartung.de\\\/\"},{\"@type\":\"ListItem\",\"position\":2,\"name\":\"Datenschutz\"}]},{\"@type\":\"WebSite\",\"@id\":\"https:\\\/\\\/www.friederhartung.de\\\/#website\",\"url\":\"https:\\\/\\\/www.friederhartung.de\\\/\",\"name\":\"Frieder Hartung - Stadt.Planung.Partizipation. Gemeinsam mehr erreichen\",\"description\":\"Mehr als 20 Jahre Erfahrung in Stadtentwicklung, Beteiligungsprozessen und Moderation. Frieder Hartung begleitet Kommunen, Institutionen und Initiativen auf dem Weg zu zukunftsf\u00e4higen, lebendigen Quartieren.\",\"potentialAction\":[{\"@type\":\"SearchAction\",\"target\":{\"@type\":\"EntryPoint\",\"urlTemplate\":\"https:\\\/\\\/www.friederhartung.de\\\/?s={search_term_string}\"},\"query-input\":{\"@type\":\"PropertyValueSpecification\",\"valueRequired\":true,\"valueName\":\"search_term_string\"}}],\"inLanguage\":\"de\"}]}<\/script>\n<!-- \/ Yoast SEO plugin. -->","yoast_head_json":{"title":"Datenschutz - Frieder Hartung - Stadt.Planung.Partizipation. Gemeinsam mehr erreichen","robots":{"index":"index","follow":"follow","max-snippet":"max-snippet:-1","max-image-preview":"max-image-preview:large","max-video-preview":"max-video-preview:-1"},"canonical":"https:\/\/www.friederhartung.de\/index.php\/datenschutz\/","og_locale":"de_DE","og_type":"article","og_title":"Datenschutz - Frieder Hartung - Stadt.Planung.Partizipation. Gemeinsam mehr erreichen","og_description":"1. Verantwortlicher Verantwortlich f\u00fcr die Datenverarbeitung auf dieser Website ist: Frieder HartungE-Mail: mail@friederhartung.deWebseite: www.friederhartung.de 2. Allgemeines zur Datenverarbeitung Wir verarbeiten personenbezogene Daten unserer Nutzer nur, soweit dies zur Bereitstellung einer funktionsf\u00e4higen Website sowie unserer Inhalte und Leistungen erforderlich ist.Die Verarbeitung erfolgt regelm\u00e4\u00dfig nur nach Einwilligung der Nutzer oder wenn eine gesetzliche Grundlage besteht (Art. 6 [&hellip;]","og_url":"https:\/\/www.friederhartung.de\/index.php\/datenschutz\/","og_site_name":"Frieder Hartung - Stadt.Planung.Partizipation. Gemeinsam mehr erreichen","article_modified_time":"2025-08-21T12:54:15+00:00","twitter_card":"summary_large_image","twitter_misc":{"Gesch\u00e4tzte Lesezeit":"4\u00a0Minuten"},"schema":{"@context":"https:\/\/schema.org","@graph":[{"@type":"WebPage","@id":"https:\/\/www.friederhartung.de\/index.php\/datenschutz\/","url":"https:\/\/www.friederhartung.de\/index.php\/datenschutz\/","name":"Datenschutz - Frieder Hartung - Stadt.Planung.Partizipation. Gemeinsam mehr erreichen","isPartOf":{"@id":"https:\/\/www.friederhartung.de\/#website"},"datePublished":"2025-08-21T12:49:37+00:00","dateModified":"2025-08-21T12:54:15+00:00","breadcrumb":{"@id":"https:\/\/www.friederhartung.de\/index.php\/datenschutz\/#breadcrumb"},"inLanguage":"de","potentialAction":[{"@type":"ReadAction","target":["https:\/\/www.friederhartung.de\/index.php\/datenschutz\/"]}]},{"@type":"BreadcrumbList","@id":"https:\/\/www.friederhartung.de\/index.php\/datenschutz\/#breadcrumb","itemListElement":[{"@type":"ListItem","position":1,"name":"Startseite","item":"https:\/\/www.friederhartung.de\/"},{"@type":"ListItem","position":2,"name":"Datenschutz"}]},{"@type":"WebSite","@id":"https:\/\/www.friederhartung.de\/#website","url":"https:\/\/www.friederhartung.de\/","name":"Frieder Hartung - Stadt.Planung.Partizipation. Gemeinsam mehr erreichen","description":"Mehr als 20 Jahre Erfahrung in Stadtentwicklung, Beteiligungsprozessen und Moderation. Frieder Hartung begleitet Kommunen, Institutionen und Initiativen auf dem Weg zu zukunftsf\u00e4higen, lebendigen Quartieren.","potentialAction":[{"@type":"SearchAction","target":{"@type":"EntryPoint","urlTemplate":"https:\/\/www.friederhartung.de\/?s={search_term_string}"},"query-input":{"@type":"PropertyValueSpecification","valueRequired":true,"valueName":"search_term_string"}}],"inLanguage":"de"}]}},"_links":{"self":[{"href":"https:\/\/www.friederhartung.de\/index.php\/wp-json\/wp\/v2\/pages\/2269","targetHints":{"allow":["GET"]}}],"collection":[{"href":"https:\/\/www.friederhartung.de\/index.php\/wp-json\/wp\/v2\/pages"}],"about":[{"href":"https:\/\/www.friederhartung.de\/index.php\/wp-json\/wp\/v2\/types\/page"}],"author":[{"embeddable":true,"href":"https:\/\/www.friederhartung.de\/index.php\/wp-json\/wp\/v2\/users\/1"}],"replies":[{"embeddable":true,"href":"https:\/\/www.friederhartung.de\/index.php\/wp-json\/wp\/v2\/comments?post=2269"}],"version-history":[{"count":7,"href":"https:\/\/www.friederhartung.de\/index.php\/wp-json\/wp\/v2\/pages\/2269\/revisions"}],"predecessor-version":[{"id":2276,"href":"https:\/\/www.friederhartung.de\/index.php\/wp-json\/wp\/v2\/pages\/2269\/revisions\/2276"}],"wp:attachment":[{"href":"https:\/\/www.friederhartung.de\/index.php\/wp-json\/wp\/v2\/media?parent=2269"}],"curies":[{"name":"wp","href":"https:\/\/api.w.org\/{rel}","templated":true}]}}